{"id":2654,"date":"2023-03-20T18:26:19","date_gmt":"2023-03-20T17:26:19","guid":{"rendered":"https:\/\/equotex.com\/?page_id=2654"},"modified":"2024-05-29T13:01:21","modified_gmt":"2024-05-29T11:01:21","slug":"aviso-legal","status":"publish","type":"page","link":"https:\/\/equotex.com\/en\/aviso-legal\/","title":{"rendered":"Legal Notice"},"content":{"rendered":"<div data-colibri-id=\"2654-c1\" class=\"style-975 style-local-2654-c1 position-relative\">\r\n  <!---->\r\n  <div data-colibri-component=\"section\" data-colibri-id=\"2654-c2\" id=\"custom\" class=\"h-section h-section-global-spacing d-flex align-items-lg-center align-items-md-center align-items-center style-976 style-local-2654-c2 position-relative\">\r\n    <!---->\r\n    <!---->\r\n    <div class=\"h-section-grid-container h-section-boxed-container\">\r\n      <!---->\r\n      <div data-colibri-id=\"2654-c3\" class=\"h-row-container gutters-row-lg-2 gutters-row-md-2 gutters-row-0 gutters-row-v-lg-2 gutters-row-v-md-2 gutters-row-v-2 style-977 style-local-2654-c3 position-relative\">\r\n        <!---->\r\n        <div class=\"h-row justify-content-lg-center justify-content-md-center justify-content-center align-items-lg-stretch align-items-md-stretch align-items-stretch gutters-col-lg-2 gutters-col-md-2 gutters-col-0 gutters-col-v-lg-2 gutters-col-v-md-2 gutters-col-v-2\">\r\n          <!---->\r\n          <div class=\"h-column h-column-container d-flex h-col-lg-auto h-col-md-auto h-col-auto style-978-outer style-local-2654-c4-outer\">\r\n            <div data-colibri-id=\"2654-c4\" class=\"d-flex h-flex-basis h-column__inner h-px-lg-2 h-px-md-2 h-px-2 v-inner-lg-2 v-inner-md-2 v-inner-2 style-978 style-local-2654-c4 position-relative\">\r\n              <!---->\r\n              <!---->\r\n              <div class=\"w-100 h-y-container h-column__content h-column__v-align flex-basis-100 align-self-lg-start align-self-md-start align-self-start\">\r\n                <!---->\r\n                <div data-colibri-id=\"2654-c5\" class=\"h-text h-text-component style-979 style-local-2654-c5 position-relative h-element\">\r\n                  <!---->\r\n                  <!---->\r\n                  <div class=\"\">\r\n                    <p><span style=\"color: rgb(0, 0, 0);\">En cumplimiento con el deber de informaci\u00f3n recogido en el art\u00edculo 10 de la Ley 34\/2002, de 11 de julio, de servicios de la sociedad de la informaci\u00f3n y de comercio electr\u00f3nico) Ud. est\u00e1 visitando&nbsp;<\/span>\r\n                      <a\r\n                        href=\"https:\/\/equotex.com\/en\/\" class=\"customize-unpreviewable\" style=\"color: rgb(0, 0, 0);\" draggable=\"false\">\r\n                        <u>www.equotex.com<\/u>\r\n                        <\/a><span style=\"color: rgb(0, 0, 0);\">&nbsp;(en adelante el \u201cSitio Web\u201d), titularidad de: Equotex Contract S.L, con domicilio social en Av. de la Diputaci\u00f3 \u2013 Pol. Ind. Casa el Vicari \u2013 46890 Agullent (Valencia), Inscrita en el Tomo 10.527, Folio 51, Inscripci\u00f3n 1, Hoja V-182946 del Registro Mercantil de Valencia &#8211; N.I.F. B-40513277. E-mail: contacto@equotex.com<\/span><\/p>\r\n                    <p><span style=\"color: rgb(0, 0, 0);\">La utilizaci\u00f3n de la Web atribuye la condici\u00f3n de usuario de la Web (en adelante, el \u201cUsuario\u201d) e implica la aceptaci\u00f3n de todas las condiciones incluidas en este Aviso Legal. La prestaci\u00f3n del servicio de la Web tiene una duraci\u00f3n limitada al momento en el que el Usuario se encuentra conectado a la Web o a alguno de los servicios que a trav\u00e9s del mismo se faciliten. Por tanto, el Usuario debe leer atentamente el presente Aviso Legal en cada una de las ocasiones en que se proponga utilizar la Web, ya que \u00e9ste y sus condiciones de uso recogidas en el presente Aviso Legal pueden sufrir modificaciones.<\/span><\/p>\r\n                    <p><span style=\"color: rgb(0, 0, 0);\">En caso de que tengas alguna duda una vez hayas le\u00eddo estas condiciones puedes ponerte en contacto con nosotros en las direcciones anteriormente indicadas.<\/span><\/p>\r\n                    <p><strong style=\"color: rgb(0, 0, 0);\">Objeto<\/strong><\/p>\r\n                    <p><span style=\"color: rgb(0, 0, 0);\">El objeto de las presentes condiciones generales es regular el uso que pueden realizar los Usuarios de la web corporativa de Equotex Contract S.L. que actualmente se encuentra en la URL:&nbsp;<\/span>\r\n                      <a\r\n                        href=\"https:\/\/equotex.com\/en\/\" class=\"customize-unpreviewable\" style=\"color: rgb(0, 0, 0);\" draggable=\"false\">\r\n                        <u>www.equotex.com<\/u>\r\n                        <\/a><span style=\"color: rgb(0, 0, 0);\">, sin perjuicio de que ciertos servicios o contenidos dentro de la Web Corporativa se sometan a sus propias condiciones particulares, reglamentos e instrucciones que, en su caso, sustituyen, completan y\/o modifiquen el presente Aviso Legal y que deber\u00e1n ser aceptadas por el Usuario antes de iniciarse la prestaci\u00f3n del servicio correspondiente.<\/span><\/p>\r\n                    <p><strong style=\"color: rgb(0, 0, 0);\">Condiciones de uso y acceso<\/strong><\/p>\r\n                    <p><span style=\"color: rgb(0, 0, 0);\">El presente Aviso Legal regula el acceso y utilizaci\u00f3n del servicio del Sitio Web que Equotex Contract S.L. pone a disposici\u00f3n de los Usuarios de Internet.<\/span><\/p>\r\n                    <p><span style=\"color: rgb(0, 0, 0);\">El acceso y utilizaci\u00f3n del Sitio Web y de sus contenidos atribuye la condici\u00f3n de usuario de los mismos e implica la aceptaci\u00f3n sin reservas por el Usuario de todas y cada una de las condiciones incluidas en el presente Aviso Legal, en la versi\u00f3n publicada en el momento en que se acceda al mismo.<\/span><\/p>\r\n                    <p><span style=\"color: rgb(0, 0, 0);\">El Usuario se obliga al uso del Sitio Web de forma diligente y responsable de los contenidos y servicios que Equotex Contract S.L. ofrece a trav\u00e9s de su p\u00e1gina web, y con car\u00e1cter enunciativo, pero no limitativo, a no emplearlos para:<\/span><\/p>\r\n                    <p><span style=\"color: rgb(0, 0, 0);\">Incurrir en actividades il\u00edcitas, ilegales o contrarias a la buena fe y al orden p\u00fablico;<br> difundir contenidos o propaganda de car\u00e1cter racista, xen\u00f3fobo, pornogr\u00e1fico-ilegal, de apolog\u00eda del terrorismo o atentatorio contra los derechos humanos;<br> provocar da\u00f1os en los sistemas f\u00edsicos y l\u00f3gicos de Equotex Contract S.L., de sus proveedores o de terceras personas, introducir o difundir en la red virus inform\u00e1ticos o cualesquiera otros sistemas f\u00edsicos o l\u00f3gicos que sean susceptibles de provocar los da\u00f1os anteriormente mencionados;<br> intentar acceder y, en su caso, utilizar las cuentas de correo electr\u00f3nico de otros usuarios y modificar o manipular sus mensajes.<\/span><\/p>\r\n                    <p><span style=\"color: rgb(0, 0, 0);\">El Usuario debe leer atentamente el presente Aviso Legal en cada una de las ocasiones en que se proponga utilizar el Sitio Web puesto que las condiciones de uso podr\u00e1n sufrir modificaciones, derecho que se reserva Equotex Contract S.L.<\/span><\/p>\r\n                    <p><span style=\"color: rgb(0, 0, 0);\">El acceso al Sitio Web es gratuito salvo en lo relativo al coste de la conexi\u00f3n a trav\u00e9s de la red de telecomunicaciones suministrada por el proveedor de acceso contratado por el Usuario.<\/span><\/p>\r\n                    <p><span style=\"color: rgb(0, 0, 0);\">Equotex Contract S.L. se reserva el derecho a interrumpir, con car\u00e1cter temporal o definitivo, en cualquier momento, por cualquier causa y sin previo aviso el acceso al Sitio Web.<\/span><\/p>\r\n                    <p><strong style=\"color: rgb(0, 0, 0);\">Responsabilidad<\/strong><\/p>\r\n                    <p><span style=\"color: rgb(0, 0, 0);\">Equotex Contract S.L. advierte de que los contenidos de Sitio Web han sido incluidos a mero t\u00edtulo informativo, por lo que resultan insuficientes para tomar decisiones o asumir posiciones en un caso concreto. En consecuencia, Equotex Contract S.L. no asume ninguna responsabilidad por los da\u00f1os y perjuicios resultantes o que tengan conexi\u00f3n con el empleo de dichos contenidos. El usuario debe tener en cuenta que los contenidos de este Sitio Web pueden ser modificados, desarrollados o actualizados sin notificaci\u00f3n previa.<\/span><\/p>\r\n                    <p><span style=\"color: rgb(0, 0, 0);\">Equotex Contract S.L. no se responsabiliza en caso de que existan interrupciones del servicio, demoras, errores o mal funcionamiento de dicho servicio en general que tengan su origen en causas ajenas a la misma o debidas a una actuaci\u00f3n dolosa o culposa del Usuario, o a causa de fuerza mayor, ni asume ning\u00fan deber o compromiso de verificar ni de vigilar los contenidos e informaciones de este Sitio Web.<\/span><\/p>\r\n                    <p><span style=\"color: rgb(0, 0, 0);\">En cualquier caso, sea cual fuere su causa, Equotex Contract S.L. no asumir\u00e1 responsabilidad alguna ya sea por da\u00f1os directos o indirectos, da\u00f1o emergente y\/o por lucro cesante.<br> Equotex Contract S.L. no se responsabiliza de contenidos y opiniones de terceros vertidos en su Sitio Web ni de la informaci\u00f3n contenida en las p\u00e1ginas Web de terceros a las que se pueda acceder por enlaces o links que contiene este Sitio Web, sobre los que Equotex Contract S.L. no ejerce ning\u00fan tipo de control.<\/span><\/p>\r\n                    <p><span style=\"color: rgb(0, 0, 0);\">Equotex Contract S.L. no responde ni de los contenidos ni del estado de dichos sitios y p\u00e1ginas Web, ni de los da\u00f1os producidos por la ilicitud, calidad, desactualizaci\u00f3n, indisponibilidad, error e inutilidad de los contenidos y\/o servicios de los sitios enlazados. El acceso a dichos contenidos y\/o servicios a trav\u00e9s de este Sitio Web tampoco implica que Equotex Contract S.L. recomiende o apruebe sus contenidos.<\/span><\/p>\r\n                    <p><span style=\"color: rgb(0, 0, 0);\">Quien accede y utiliza este Sitio Web, lo hace por su propia cuenta y riesgo. Equotex Contract S.L. no se hace responsable por la utilizaci\u00f3n que el Usuario realice de los servicios del Sitio Web ni de sus contrase\u00f1as, as\u00ed como de cualquier otro material del Sitio Web, infringiendo los derechos de propiedad intelectual o industrial o cualquier otro derecho de terceros.<\/span><\/p>\r\n                    <p><span style=\"color: rgb(0, 0, 0);\">Equotex Contract S.L. no se hace responsable por los da\u00f1os que puedan causarse en los equipos de los Usuarios por posibles virus inform\u00e1ticos contra\u00eddos por el Usuario a causa de su navegaci\u00f3n en el Sitio Web, o por cualesquiera otros da\u00f1os derivados de esa navegaci\u00f3n. Corresponde al Usuario, en todo caso, disponer de herramientas adecuadas para la detecci\u00f3n y desinfecci\u00f3n de programas inform\u00e1ticos da\u00f1inos.<\/span><\/p>\r\n                    <p><span style=\"color: rgb(0, 0, 0);\">Equotex Contract S.L. no ofrece ninguna garant\u00eda de inexistencia de errores en ninguno de los contenidos de su Sitio Web, adem\u00e1s de no garantizar la correcci\u00f3n de cualquier defecto o la ausencia de virus y dem\u00e1s componentes da\u00f1inos en el presente Sitio Web o en su Servidor.<\/span><\/p>\r\n                    <p><span style=\"color: rgb(0, 0, 0);\">El Usuario responder\u00e1 frente al Equotex Contract S.L. de cualesquiera da\u00f1os y perjuicios que pudieran causarse como consecuencia del incumplimiento de las condiciones de uso del Sitio Web y dem\u00e1s obligaciones establecidas en el presente Aviso Legal.<\/span><\/p>\r\n                    <p><strong style=\"color: rgb(0, 0, 0);\">Copyright. Propiedad Industrial e Intelectual<\/strong><\/p>\r\n                    <p><span style=\"color: rgb(0, 0, 0);\">Toda la informaci\u00f3n contenida en este Sitio Web, as\u00ed como el dise\u00f1o gr\u00e1fico, im\u00e1genes, dibujos, representaciones, voces, sonidos, videograbaciones, segmentos de audio, descripciones escritas anexas, c\u00f3digos fuente, marcas, nombres comerciales, denominaciones y dem\u00e1s contenidos est\u00e1n sujetos a los derechos de propiedad intelectual e industrial de Equotex Contract S.L. o de terceros, y est\u00e1n legalmente reservados, y se encuentran protegidos por la legislaci\u00f3n nacional e internacional en la materia.<\/span><\/p>\r\n                    <p><span style=\"color: rgb(0, 0, 0);\">El acceso y utilizaci\u00f3n del Sitio Web no supondr\u00e1 en ning\u00fan caso la renuncia, transmisi\u00f3n, cesi\u00f3n o licencia total o parcial de dichos derechos de propiedad intelectual o industrial, ni confiere ning\u00fan derecho de utilizaci\u00f3n, traducci\u00f3n, adaptaci\u00f3n, alteraci\u00f3n, explotaci\u00f3n, reproducci\u00f3n, distribuci\u00f3n o comunicaci\u00f3n p\u00fablica, con fines comerciales, del Sitio Web ni de sus contenidos sin la previa y expresa autorizaci\u00f3n de Equotex Contract S.L. o del tercero leg\u00edtimo titular de los derechos afectados.<\/span><\/p>\r\n                    <p><span style=\"color: rgb(0, 0, 0);\">El Usuario del Sitio Web deber\u00e1 abstenerse en todo caso de suprimir, alterar, eludir o manipular cualquier dispositivo de protecci\u00f3n o sistemas de seguridad que puedan estar instalados en el mismo.<\/span><\/p>\r\n                    <p><span style=\"color: rgb(0, 0, 0);\">La infracci\u00f3n de cualquiera de los citados derechos puede constituir el incumplimiento de las condiciones contenidas en este Aviso Legal y la vulneraci\u00f3n de la Ley, e incluso un delito castigado de acuerdo con ordenamiento jur\u00eddico Penal.<\/span><\/p>\r\n                    <p>\r\n                      <br>\r\n                    <\/p>\r\n                  <\/div>\r\n                <\/div>\r\n              <\/div>\r\n            <\/div>\r\n          <\/div>\r\n        <\/div>\r\n      <\/div>\r\n    <\/div>\r\n  <\/div>\r\n<\/div>","protected":false},"excerpt":{"rendered":"<p>En cumplimiento con el deber de informaci\u00f3n recogido en el art\u00edculo 10 de la Ley 34\/2002, de 11 de julio, de servicios de la sociedad de la informaci\u00f3n y de comercio electr\u00f3nico) Ud. est\u00e1 visitando&nbsp; www.equotex.com &nbsp;(en adelante el \u201cSitio Web\u201d), titularidad de: Equotex Contract S.L, con domicilio social en Av. de la Diputaci\u00f3 \u2013 [&hellip;]<\/p>","protected":false},"author":1,"featured_media":0,"parent":0,"menu_order":0,"comment_status":"closed","ping_status":"closed","template":"page-templates\/full-width-page.php","meta":{"_monsterinsights_skip_tracking":false,"_monsterinsights_sitenote_active":false,"_monsterinsights_sitenote_note":"","_monsterinsights_sitenote_category":0,"footnotes":""},"yoast_head":"<!-- This site is optimized with the Yoast SEO plugin v21.6 - https:\/\/yoast.com\/wordpress\/plugins\/seo\/ -->\n<title>Aviso Legal - Equotex Contract SL<\/title>\n<meta name=\"description\" content=\"Aviso Legal en cumplimiento con la Ley 34\/2002\" \/>\n<meta name=\"robots\" content=\"index, follow, max-snippet:-1, max-image-preview:large, max-video-preview:-1\" \/>\n<link rel=\"canonical\" href=\"https:\/\/equotex.com\/en\/aviso-legal\/\" \/>\n<meta property=\"og:locale\" content=\"en_US\" \/>\n<meta property=\"og:type\" content=\"article\" \/>\n<meta property=\"og:title\" content=\"Aviso Legal - Equotex Contract SL\" \/>\n<meta property=\"og:description\" content=\"Aviso Legal en cumplimiento con la Ley 34\/2002\" \/>\n<meta property=\"og:url\" content=\"https:\/\/equotex.com\/en\/aviso-legal\/\" \/>\n<meta property=\"og:site_name\" content=\"Equotex Contract SL\" \/>\n<meta property=\"article:modified_time\" content=\"2024-05-29T11:01:21+00:00\" \/>\n<meta name=\"twitter:card\" content=\"summary_large_image\" \/>\n<meta name=\"twitter:label1\" content=\"Est. reading time\" \/>\n\t<meta name=\"twitter:data1\" content=\"7 minutes\" \/>\n<script type=\"application\/ld+json\" class=\"yoast-schema-graph\">{\"@context\":\"https:\/\/schema.org\",\"@graph\":[{\"@type\":\"WebPage\",\"@id\":\"https:\/\/equotex.com\/aviso-legal\/\",\"url\":\"https:\/\/equotex.com\/aviso-legal\/\",\"name\":\"Aviso Legal - Equotex Contract SL\",\"isPartOf\":{\"@id\":\"https:\/\/equotex.com\/#website\"},\"datePublished\":\"2023-03-20T17:26:19+00:00\",\"dateModified\":\"2024-05-29T11:01:21+00:00\",\"description\":\"Aviso Legal en cumplimiento con la Ley 34\/2002\",\"breadcrumb\":{\"@id\":\"https:\/\/equotex.com\/aviso-legal\/#breadcrumb\"},\"inLanguage\":\"en-US\",\"potentialAction\":[{\"@type\":\"ReadAction\",\"target\":[\"https:\/\/equotex.com\/aviso-legal\/\"]}]},{\"@type\":\"BreadcrumbList\",\"@id\":\"https:\/\/equotex.com\/aviso-legal\/#breadcrumb\",\"itemListElement\":[{\"@type\":\"ListItem\",\"position\":1,\"name\":\"Portada\",\"item\":\"https:\/\/equotex.com\/\"},{\"@type\":\"ListItem\",\"position\":2,\"name\":\"Aviso Legal\"}]},{\"@type\":\"WebSite\",\"@id\":\"https:\/\/equotex.com\/#website\",\"url\":\"https:\/\/equotex.com\/\",\"name\":\"Equotex Contract SL\",\"description\":\"Taller de confecci\u00f3n contract agullent Textil para hoteles ontinyent\",\"publisher\":{\"@id\":\"https:\/\/equotex.com\/#organization\"},\"potentialAction\":[{\"@type\":\"SearchAction\",\"target\":{\"@type\":\"EntryPoint\",\"urlTemplate\":\"https:\/\/equotex.com\/?s={search_term_string}\"},\"query-input\":\"required name=search_term_string\"}],\"inLanguage\":\"en-US\"},{\"@type\":\"Organization\",\"@id\":\"https:\/\/equotex.com\/#organization\",\"name\":\"Equotex Contract SL\",\"url\":\"https:\/\/equotex.com\/\",\"logo\":{\"@type\":\"ImageObject\",\"inLanguage\":\"en-US\",\"@id\":\"https:\/\/equotex.com\/#\/schema\/logo\/image\/\",\"url\":\"https:\/\/equotex.com\/wp-content\/uploads\/2023\/03\/LOGO-3.png\",\"contentUrl\":\"https:\/\/equotex.com\/wp-content\/uploads\/2023\/03\/LOGO-3.png\",\"width\":618,\"height\":149,\"caption\":\"Equotex Contract SL\"},\"image\":{\"@id\":\"https:\/\/equotex.com\/#\/schema\/logo\/image\/\"}}]}<\/script>\n<!-- \/ Yoast SEO plugin. -->","yoast_head_json":{"title":"Aviso Legal - Equotex Contract SL","description":"Aviso Legal en cumplimiento con la Ley 34\/2002","robots":{"index":"index","follow":"follow","max-snippet":"max-snippet:-1","max-image-preview":"max-image-preview:large","max-video-preview":"max-video-preview:-1"},"canonical":"https:\/\/equotex.com\/en\/aviso-legal\/","og_locale":"en_US","og_type":"article","og_title":"Aviso Legal - Equotex Contract SL","og_description":"Aviso Legal en cumplimiento con la Ley 34\/2002","og_url":"https:\/\/equotex.com\/en\/aviso-legal\/","og_site_name":"Equotex Contract SL","article_modified_time":"2024-05-29T11:01:21+00:00","twitter_card":"summary_large_image","twitter_misc":{"Est. reading time":"7 minutes"},"schema":{"@context":"https:\/\/schema.org","@graph":[{"@type":"WebPage","@id":"https:\/\/equotex.com\/aviso-legal\/","url":"https:\/\/equotex.com\/aviso-legal\/","name":"Aviso Legal - Equotex Contract SL","isPartOf":{"@id":"https:\/\/equotex.com\/#website"},"datePublished":"2023-03-20T17:26:19+00:00","dateModified":"2024-05-29T11:01:21+00:00","description":"Aviso Legal en cumplimiento con la Ley 34\/2002","breadcrumb":{"@id":"https:\/\/equotex.com\/aviso-legal\/#breadcrumb"},"inLanguage":"en-US","potentialAction":[{"@type":"ReadAction","target":["https:\/\/equotex.com\/aviso-legal\/"]}]},{"@type":"BreadcrumbList","@id":"https:\/\/equotex.com\/aviso-legal\/#breadcrumb","itemListElement":[{"@type":"ListItem","position":1,"name":"Portada","item":"https:\/\/equotex.com\/"},{"@type":"ListItem","position":2,"name":"Aviso Legal"}]},{"@type":"WebSite","@id":"https:\/\/equotex.com\/#website","url":"https:\/\/equotex.com\/","name":"Equotex Contract SL","description":"Taller de confecci\u00f3n contract agullent Textil para hoteles ontinyent","publisher":{"@id":"https:\/\/equotex.com\/#organization"},"potentialAction":[{"@type":"SearchAction","target":{"@type":"EntryPoint","urlTemplate":"https:\/\/equotex.com\/?s={search_term_string}"},"query-input":"required name=search_term_string"}],"inLanguage":"en-US"},{"@type":"Organization","@id":"https:\/\/equotex.com\/#organization","name":"Equotex Contract SL","url":"https:\/\/equotex.com\/","logo":{"@type":"ImageObject","inLanguage":"en-US","@id":"https:\/\/equotex.com\/#\/schema\/logo\/image\/","url":"https:\/\/equotex.com\/wp-content\/uploads\/2023\/03\/LOGO-3.png","contentUrl":"https:\/\/equotex.com\/wp-content\/uploads\/2023\/03\/LOGO-3.png","width":618,"height":149,"caption":"Equotex Contract SL"},"image":{"@id":"https:\/\/equotex.com\/#\/schema\/logo\/image\/"}}]}},"_links":{"self":[{"href":"https:\/\/equotex.com\/en\/wp-json\/wp\/v2\/pages\/2654"}],"collection":[{"href":"https:\/\/equotex.com\/en\/wp-json\/wp\/v2\/pages"}],"about":[{"href":"https:\/\/equotex.com\/en\/wp-json\/wp\/v2\/types\/page"}],"author":[{"embeddable":true,"href":"https:\/\/equotex.com\/en\/wp-json\/wp\/v2\/users\/1"}],"replies":[{"embeddable":true,"href":"https:\/\/equotex.com\/en\/wp-json\/wp\/v2\/comments?post=2654"}],"version-history":[{"count":7,"href":"https:\/\/equotex.com\/en\/wp-json\/wp\/v2\/pages\/2654\/revisions"}],"predecessor-version":[{"id":2693,"href":"https:\/\/equotex.com\/en\/wp-json\/wp\/v2\/pages\/2654\/revisions\/2693"}],"wp:attachment":[{"href":"https:\/\/equotex.com\/en\/wp-json\/wp\/v2\/media?parent=2654"}],"curies":[{"name":"wp","href":"https:\/\/api.w.org\/{rel}","templated":true}]}}