{"id":2462,"date":"2023-03-08T15:59:05","date_gmt":"2023-03-08T14:59:05","guid":{"rendered":"https:\/\/equotex.com\/?page_id=2462"},"modified":"2023-03-20T17:55:01","modified_gmt":"2023-03-20T16:55:01","slug":"politica-de-privacidad","status":"publish","type":"page","link":"https:\/\/equotex.com\/en\/politica-de-privacidad\/","title":{"rendered":"Pol\u00edtica de Privacidad"},"content":{"rendered":"<div data-colibri-id=\"2462-c1\" class=\"style-961 style-local-2462-c1 position-relative\">\n  <!---->\n  <div data-colibri-component=\"section\" data-colibri-id=\"2462-c2\" id=\"custom\" class=\"h-section h-section-global-spacing d-flex align-items-lg-center align-items-md-center align-items-center style-962 style-local-2462-c2 position-relative\">\n    <!---->\n    <!---->\n    <div class=\"h-section-grid-container h-section-boxed-container\">\n      <!---->\n      <div data-colibri-id=\"2462-c3\" class=\"h-row-container gutters-row-lg-0 gutters-row-md-0 gutters-row-0 gutters-row-v-lg-0 gutters-row-v-md-0 gutters-row-v-0 style-965 style-local-2462-c3 position-relative\">\n        <!---->\n        <div class=\"h-row justify-content-lg-center justify-content-md-center justify-content-center align-items-lg-stretch align-items-md-stretch align-items-stretch gutters-col-lg-0 gutters-col-md-0 gutters-col-0 gutters-col-v-lg-0 gutters-col-v-md-0 gutters-col-v-0\">\n          <!---->\n          <div class=\"h-column h-column-container d-flex h-col-lg-auto h-col-md-auto h-col-auto style-966-outer style-local-2462-c4-outer\">\n            <div data-colibri-id=\"2462-c4\" class=\"d-flex h-flex-basis h-column__inner h-px-lg-2 h-px-md-2 h-px-2 v-inner-lg-2 v-inner-md-2 v-inner-2 style-966 style-local-2462-c4 position-relative\">\n              <!---->\n              <!---->\n              <div class=\"w-100 h-y-container h-column__content h-column__v-align flex-basis-100 align-self-lg-start align-self-md-start align-self-start\">\n                <!---->\n                <div data-colibri-id=\"2462-c5\" class=\"h-text h-text-component style-967 style-local-2462-c5 position-relative h-element\">\n                  <!---->\n                  <!---->\n                  <div class=\"\">\n                    <p><span style=\"color: rgb(0, 0, 0);\">Esta Pol\u00edtica de Privacidad tiene por objeto dar a conocer el modo en que recabamos, tratamos y protegemos los datos personales que sean facilitados por medio de nuestra p\u00e1gina web o blog (en adelante Sitio Web) y decida libremente si desea que los tratemos.<\/span><\/p>\n                    <p><span style=\"color: rgb(0, 0, 0);\">1. Datos del Responsable \/ Prestador de Servicios de la Sociedad de la Informaci\u00f3n<\/span><\/p>\n                    <ul>\n                      <li><span style=\"color: rgb(0, 0, 0);\">Nuestra denominaci\u00f3n:&nbsp;EQUOTEX CONTRACT, S.L.<\/span><\/li>\n                      <li><span style=\"color: rgb(0, 0, 0);\">Nuestro CIF:&nbsp;B40513277<\/span><\/li>\n                      <li><span style=\"color: rgb(0, 0, 0);\">Nuestra actividad principal:&nbsp;Confecci\u00f3n Textil Contract<\/span><\/li>\n                      <li><span style=\"color: rgb(0, 0, 0);\">Nuestra direcci\u00f3n:&nbsp;Av. Diputaci\u00f3, 13 \u2013 Pol. Ind. Casa el Vicari, 46890 Agullent (Valencia) Espa\u00f1a<\/span><\/li>\n                      <li><span style=\"color: rgb(0, 0, 0);\">Nuestro tel\u00e9fono de contacto:&nbsp;+34 96 290 7552<\/span><\/li>\n                      <li><span style=\"color: rgb(0, 0, 0);\">Nuestra direcci\u00f3n de correo electr\u00f3nico de contacto:&nbsp;contacto@equotex.com<\/span><\/li>\n                      <li><span style=\"color: rgb(0, 0, 0);\">Sitio web:&nbsp;www.equotex.com<\/span><\/li>\n                    <\/ul>\n                    <p><span style=\"color: rgb(0, 0, 0);\">Datos registrales:&nbsp;Registro Mercantil \/Registro P\u00fablico: de Valencia, Inscrita en el Tomo 10.527, Folio 51, Inscripci\u00f3n 1, Hoja V-182946. 2.ratamiento de datos personales<\/span><\/p>\n                    <p><span style=\"color: rgb(0, 0, 0);\">Los datos personales que nos ha facilitado ser\u00e1n tratados de forma confidencial y quedar\u00e1n incorporados a la correspondiente actividad de tratamiento titularidad de nuestra entidad.<\/span><\/p>\n                    <p><span style=\"color: rgb(0, 0, 0);\">Solicitamos aquellos datos imprescindibles para atender su solicitud, mantener la relaci\u00f3n con su persona en caso de que lo solicite o cuando nos veamos obligados para poder prestarle los servicios y\/o atender sus peticiones en este sitio web.<\/span><\/p>\n                    <p><span style=\"color: rgb(0, 0, 0);\">3. Finalidad<\/span><\/p>\n                    <p><span style=\"color: rgb(0, 0, 0);\">Sus datos personales ser\u00e1n tratados con la \u00fanica finalidad de atender sus solicitudes.<\/span><\/p>\n                    <p><span style=\"color: rgb(0, 0, 0);\">No enviamos publicidad sin el consentimiento previo del usuario.<\/span><\/p>\n                    <p><span style=\"color: rgb(0, 0, 0);\">4. Legitimaci\u00f3n<\/span><\/p>\n                    <p><span style=\"color: rgb(0, 0, 0);\">El tratamiento de sus datos se realiza con las siguientes bases:<\/span><\/p>\n                    <p><span style=\"color: rgb(0, 0, 0);\">&nbsp;&nbsp;&nbsp;&nbsp;&#8211; La solicitud de informaci\u00f3n, solicitud de empleo y\/o contrataci\u00f3n de nuestros servicios y\/o petici\u00f3n de presupuestos.<\/span><\/p>\n                    <p><span style=\"color: rgb(0, 0, 0);\">&nbsp;&nbsp;&nbsp;&nbsp;\u2013 El consentimiento libre, espec\u00edfico, informado e inequ\u00edvoco, puesto que le informamos de la presente pol\u00edtica de privacidad, que tras la lectura&nbsp;de esta y de estar conforme, puede aceptar mediante la marcaci\u00f3n de las casillas dispuestas a tal efecto.<\/span><\/p>\n                    <p><span style=\"color: rgb(0, 0, 0);\">En cualquier momento puede cambiar de opini\u00f3n y retirar su consentimiento.<\/span><\/p>\n                    <p><span style=\"color: rgb(0, 0, 0);\">5..  didas de Seguridad<\/span><\/p>\n                    <p><span style=\"color: rgb(0, 0, 0);\">Nuestra entidad ha implantado todas las medidas t\u00e9cnicas y organizativas necesarias para proteger los datos personales tratados, evitando su p\u00e9rdida, robo o uso no autorizado.<\/span><\/p>\n                    <p><span style=\"color: rgb(0, 0, 0);\">Dichas medidas son verificadas peri\u00f3dicamente en nuestros controles de cumplimiento de la normativa espec\u00edfica.<\/span><\/p>\n                    <p><span style=\"color: rgb(0, 0, 0);\">6. Conservaci\u00f3n de datos<\/span><\/p>\n                    <p><span style=\"color: rgb(0, 0, 0);\">Los datos personales proporcionados se conservar\u00e1n durante el tiempo necesario para cumplir con la finalidad para la que se recaban y para determinar las posibles responsabilidades que se pudieran derivar de la finalidad.<\/span><\/p>\n                    <p><span style=\"color: rgb(0, 0, 0);\">En el caso de solicitudes de empleo, se conservar\u00e1n durante el plazo m\u00e1ximo de 1 a\u00f1o o hasta que el interesado nos solicite suprimir sus datos.<\/span><\/p>\n                    <p><span style=\"color: rgb(0, 0, 0);\">7. Derechos de los interesados<\/span><\/p>\n                    <p><span style=\"color: rgb(0, 0, 0);\">Usted tiene derecho a conocer si nuestra entidad est\u00e1 tratando sus datos personales; por tanto, tiene derecho a acceder a sus datos, rectificarlos si son inexactos o solicitar su supresi\u00f3n cuando los datos ya no sean necesarios.<\/span><\/p>\n                    <p><span style=\"color: rgb(0, 0, 0);\">Tambi\u00e9n puede ejercer su derecho de limitaci\u00f3n o portabilidad si as\u00ed lo estima conveniente y para ello puede realizarlo por escrito a nuestra entidad mediante correo electr\u00f3nico a&nbsp;contacto@equotex.com&nbsp;adjuntando copia de su DNI para identificarle.<\/span><\/p>\n                    <p><span style=\"color: rgb(0, 0, 0);\">Si desea trasladar alguna sugerencia o consulta sobre el tratamiento de sus datos, puede contactar con nuestros consultores de protecci\u00f3n de datos&nbsp;aqu\u00ed.<\/span><\/p>\n                    <p><span style=\"color: rgb(0, 0, 0);\">Si quiere realizar una reclamaci\u00f3n por entender que sus derechos han sido vulnerados, puede hacerlo ante la&nbsp;Agencia Espa\u00f1ola de Protecci\u00f3n de Datos.<\/span><\/p>\n                    <p><span style=\"color: rgb(0, 0, 0);\">8. Cesi\u00f3n de datos<\/span><\/p>\n                    <p><span style=\"color: rgb(0, 0, 0);\">Sus datos personales no se ceder\u00e1n a otros pa\u00edses ni a entidades terceras salvo en los casos que exista una obligaci\u00f3n legal.<\/span><\/p>\n                    <p><span style=\"color: rgb(0, 0, 0);\">En caso de contrataci\u00f3n de servicios, sus datos personales podr\u00e1n ser cedidos a aquellas entidades necesarias para entregarle los productos adquiridos o prestarle nuestros servicios.<\/span><\/p>\n                    <p><span style=\"color: rgb(0, 0, 0);\">Nuestro banco conocer\u00e1 sus datos para la gesti\u00f3n del cobro de productos o servicios, as\u00ed como los encargados del tratamiento necesarios para la ejecuci\u00f3n de las contrataciones llevadas a t\u00e9rmino.<\/span><\/p>\n                    <p><span style=\"color: rgb(0, 0, 0);\">En caso de cesiones a otras entidades o a otros pa\u00edses, le informaremos y solicitaremos su consentimiento previo.<\/span><\/p>\n                    <p>\n                      <br>\n                    <\/p>\n                  <\/div>\n                <\/div>\n              <\/div>\n            <\/div>\n          <\/div>\n        <\/div>\n      <\/div>\n    <\/div>\n  <\/div>\n<\/div>","protected":false},"excerpt":{"rendered":"<p>Esta Pol\u00edtica de Privacidad tiene por objeto dar a conocer el modo en que recabamos, tratamos y protegemos los datos personales que sean facilitados por medio de nuestra p\u00e1gina web o blog (en adelante Sitio Web) y decida libremente si desea que los tratemos. 1. Datos del Responsable \/ Prestador de Servicios de la Sociedad [&hellip;]<\/p>","protected":false},"author":1,"featured_media":0,"parent":0,"menu_order":0,"comment_status":"closed","ping_status":"closed","template":"page-templates\/full-width-page.php","meta":{"_monsterinsights_skip_tracking":false,"_monsterinsights_sitenote_active":false,"_monsterinsights_sitenote_note":"","_monsterinsights_sitenote_category":0,"footnotes":""},"yoast_head":"<!-- This site is optimized with the Yoast SEO plugin v21.6 - https:\/\/yoast.com\/wordpress\/plugins\/seo\/ -->\n<title>Pol\u00edtica de Privacidad - Equotex Contract SL<\/title>\n<meta name=\"robots\" content=\"index, follow, max-snippet:-1, max-image-preview:large, max-video-preview:-1\" \/>\n<link rel=\"canonical\" href=\"https:\/\/equotex.com\/en\/politica-de-privacidad\/\" \/>\n<meta property=\"og:locale\" content=\"en_US\" \/>\n<meta property=\"og:type\" content=\"article\" \/>\n<meta property=\"og:title\" content=\"Pol\u00edtica de Privacidad - Equotex Contract SL\" \/>\n<meta property=\"og:description\" content=\"Esta Pol\u00edtica de Privacidad tiene por objeto dar a conocer el modo en que recabamos, tratamos y protegemos los datos personales que sean facilitados por medio de nuestra p\u00e1gina web o blog (en adelante Sitio Web) y decida libremente si desea que los tratemos. 1. Datos del Responsable \/ Prestador de Servicios de la Sociedad [&hellip;]\" \/>\n<meta property=\"og:url\" content=\"https:\/\/equotex.com\/en\/politica-de-privacidad\/\" \/>\n<meta property=\"og:site_name\" content=\"Equotex Contract SL\" \/>\n<meta property=\"article:modified_time\" content=\"2023-03-20T16:55:01+00:00\" \/>\n<meta name=\"twitter:card\" content=\"summary_large_image\" \/>\n<meta name=\"twitter:label1\" content=\"Est. reading time\" \/>\n\t<meta name=\"twitter:data1\" content=\"3 minutes\" \/>\n<script type=\"application\/ld+json\" class=\"yoast-schema-graph\">{\"@context\":\"https:\/\/schema.org\",\"@graph\":[{\"@type\":\"WebPage\",\"@id\":\"https:\/\/equotex.com\/politica-de-privacidad\/\",\"url\":\"https:\/\/equotex.com\/politica-de-privacidad\/\",\"name\":\"Pol\u00edtica de Privacidad - Equotex Contract SL\",\"isPartOf\":{\"@id\":\"https:\/\/equotex.com\/#website\"},\"datePublished\":\"2023-03-08T14:59:05+00:00\",\"dateModified\":\"2023-03-20T16:55:01+00:00\",\"breadcrumb\":{\"@id\":\"https:\/\/equotex.com\/politica-de-privacidad\/#breadcrumb\"},\"inLanguage\":\"en-US\",\"potentialAction\":[{\"@type\":\"ReadAction\",\"target\":[\"https:\/\/equotex.com\/politica-de-privacidad\/\"]}]},{\"@type\":\"BreadcrumbList\",\"@id\":\"https:\/\/equotex.com\/politica-de-privacidad\/#breadcrumb\",\"itemListElement\":[{\"@type\":\"ListItem\",\"position\":1,\"name\":\"Portada\",\"item\":\"https:\/\/equotex.com\/\"},{\"@type\":\"ListItem\",\"position\":2,\"name\":\"Pol\u00edtica de Privacidad\"}]},{\"@type\":\"WebSite\",\"@id\":\"https:\/\/equotex.com\/#website\",\"url\":\"https:\/\/equotex.com\/\",\"name\":\"Equotex Contract SL\",\"description\":\"Taller de confecci\u00f3n contract agullent Textil para hoteles ontinyent\",\"publisher\":{\"@id\":\"https:\/\/equotex.com\/#organization\"},\"potentialAction\":[{\"@type\":\"SearchAction\",\"target\":{\"@type\":\"EntryPoint\",\"urlTemplate\":\"https:\/\/equotex.com\/?s={search_term_string}\"},\"query-input\":\"required name=search_term_string\"}],\"inLanguage\":\"en-US\"},{\"@type\":\"Organization\",\"@id\":\"https:\/\/equotex.com\/#organization\",\"name\":\"Equotex Contract SL\",\"url\":\"https:\/\/equotex.com\/\",\"logo\":{\"@type\":\"ImageObject\",\"inLanguage\":\"en-US\",\"@id\":\"https:\/\/equotex.com\/#\/schema\/logo\/image\/\",\"url\":\"https:\/\/equotex.com\/wp-content\/uploads\/2023\/03\/LOGO-3.png\",\"contentUrl\":\"https:\/\/equotex.com\/wp-content\/uploads\/2023\/03\/LOGO-3.png\",\"width\":618,\"height\":149,\"caption\":\"Equotex Contract SL\"},\"image\":{\"@id\":\"https:\/\/equotex.com\/#\/schema\/logo\/image\/\"}}]}<\/script>\n<!-- \/ Yoast SEO plugin. -->","yoast_head_json":{"title":"Pol\u00edtica de Privacidad - Equotex Contract SL","robots":{"index":"index","follow":"follow","max-snippet":"max-snippet:-1","max-image-preview":"max-image-preview:large","max-video-preview":"max-video-preview:-1"},"canonical":"https:\/\/equotex.com\/en\/politica-de-privacidad\/","og_locale":"en_US","og_type":"article","og_title":"Pol\u00edtica de Privacidad - Equotex Contract SL","og_description":"Esta Pol\u00edtica de Privacidad tiene por objeto dar a conocer el modo en que recabamos, tratamos y protegemos los datos personales que sean facilitados por medio de nuestra p\u00e1gina web o blog (en adelante Sitio Web) y decida libremente si desea que los tratemos. 1. Datos del Responsable \/ Prestador de Servicios de la Sociedad [&hellip;]","og_url":"https:\/\/equotex.com\/en\/politica-de-privacidad\/","og_site_name":"Equotex Contract SL","article_modified_time":"2023-03-20T16:55:01+00:00","twitter_card":"summary_large_image","twitter_misc":{"Est. reading time":"3 minutes"},"schema":{"@context":"https:\/\/schema.org","@graph":[{"@type":"WebPage","@id":"https:\/\/equotex.com\/politica-de-privacidad\/","url":"https:\/\/equotex.com\/politica-de-privacidad\/","name":"Pol\u00edtica de Privacidad - Equotex Contract SL","isPartOf":{"@id":"https:\/\/equotex.com\/#website"},"datePublished":"2023-03-08T14:59:05+00:00","dateModified":"2023-03-20T16:55:01+00:00","breadcrumb":{"@id":"https:\/\/equotex.com\/politica-de-privacidad\/#breadcrumb"},"inLanguage":"en-US","potentialAction":[{"@type":"ReadAction","target":["https:\/\/equotex.com\/politica-de-privacidad\/"]}]},{"@type":"BreadcrumbList","@id":"https:\/\/equotex.com\/politica-de-privacidad\/#breadcrumb","itemListElement":[{"@type":"ListItem","position":1,"name":"Portada","item":"https:\/\/equotex.com\/"},{"@type":"ListItem","position":2,"name":"Pol\u00edtica de Privacidad"}]},{"@type":"WebSite","@id":"https:\/\/equotex.com\/#website","url":"https:\/\/equotex.com\/","name":"Equotex Contract SL","description":"Taller de confecci\u00f3n contract agullent Textil para hoteles ontinyent","publisher":{"@id":"https:\/\/equotex.com\/#organization"},"potentialAction":[{"@type":"SearchAction","target":{"@type":"EntryPoint","urlTemplate":"https:\/\/equotex.com\/?s={search_term_string}"},"query-input":"required name=search_term_string"}],"inLanguage":"en-US"},{"@type":"Organization","@id":"https:\/\/equotex.com\/#organization","name":"Equotex Contract SL","url":"https:\/\/equotex.com\/","logo":{"@type":"ImageObject","inLanguage":"en-US","@id":"https:\/\/equotex.com\/#\/schema\/logo\/image\/","url":"https:\/\/equotex.com\/wp-content\/uploads\/2023\/03\/LOGO-3.png","contentUrl":"https:\/\/equotex.com\/wp-content\/uploads\/2023\/03\/LOGO-3.png","width":618,"height":149,"caption":"Equotex Contract SL"},"image":{"@id":"https:\/\/equotex.com\/#\/schema\/logo\/image\/"}}]}},"_links":{"self":[{"href":"https:\/\/equotex.com\/en\/wp-json\/wp\/v2\/pages\/2462"}],"collection":[{"href":"https:\/\/equotex.com\/en\/wp-json\/wp\/v2\/pages"}],"about":[{"href":"https:\/\/equotex.com\/en\/wp-json\/wp\/v2\/types\/page"}],"author":[{"embeddable":true,"href":"https:\/\/equotex.com\/en\/wp-json\/wp\/v2\/users\/1"}],"replies":[{"embeddable":true,"href":"https:\/\/equotex.com\/en\/wp-json\/wp\/v2\/comments?post=2462"}],"version-history":[{"count":4,"href":"https:\/\/equotex.com\/en\/wp-json\/wp\/v2\/pages\/2462\/revisions"}],"predecessor-version":[{"id":2638,"href":"https:\/\/equotex.com\/en\/wp-json\/wp\/v2\/pages\/2462\/revisions\/2638"}],"wp:attachment":[{"href":"https:\/\/equotex.com\/en\/wp-json\/wp\/v2\/media?parent=2462"}],"curies":[{"name":"wp","href":"https:\/\/api.w.org\/{rel}","templated":true}]}}